{"id":590,"date":"2020-12-13T12:34:32","date_gmt":"2020-12-13T11:34:32","guid":{"rendered":"https:\/\/swp-dev.com\/transports-nct.com\/recrutement\/"},"modified":"2020-12-13T21:39:17","modified_gmt":"2020-12-13T20:39:17","slug":"recrutement","status":"publish","type":"page","link":"https:\/\/www.transports-em2s.com\/en\/recrutement\/","title":{"rendered":"Recrutement"},"content":{"rendered":"<p>[et_pb_section fb_built=&#8221;1&#8243; _builder_version=&#8221;4.7.6&#8243; _module_preset=&#8221;default&#8221; width=&#8221;100%&#8221; max_width=&#8221;4000px&#8221; custom_margin=&#8221;140px||||false|false&#8221;][et_pb_row module_class=&#8221;titre&#8221; _builder_version=&#8221;4.7.6&#8243; _module_preset=&#8221;default&#8221; width=&#8221;100%&#8221; max_width=&#8221;4000px&#8221;][et_pb_column type=&#8221;4_4&#8243; _builder_version=&#8221;4.5.3&#8243; _module_preset=&#8221;default&#8221;][et_pb_text admin_label=&#8221;h1 Recrutement&#8221; _builder_version=&#8221;4.7.6&#8243; _module_preset=&#8221;default&#8221; background_color=&#8221;#F2F2F2&#8243; width=&#8221;100%&#8221; max_width=&#8221;4000px&#8221; custom_padding=&#8221;40px||20px||false|false&#8221; hover_enabled=&#8221;0&#8243; sticky_enabled=&#8221;0&#8243;]<\/p>\n<h1 style=\"text-align: center\">Recrutement<\/h1>\n<p>[\/et_pb_text][\/et_pb_column][\/et_pb_row][et_pb_row column_structure=&#8221;1_2,1_2&#8243; _builder_version=&#8221;4.7.6&#8243; _module_preset=&#8221;default&#8221; width=&#8221;100%&#8221; max_width=&#8221;4000px&#8221; custom_margin=&#8221;|0px||0px|false|true&#8221; custom_padding=&#8221;|0px||0px|false|true&#8221;][et_pb_column type=&#8221;1_2&#8243; _builder_version=&#8221;4.7.6&#8243; _module_preset=&#8221;default&#8221;][et_pb_image src=&#8221;https:\/\/www.transports-em2s.com\/wp-content\/uploads\/2020\/12\/batiment_principal.jpg&#8221; title_text=&#8221;batiment_principal&#8221; admin_label=&#8221;Image Bat principal&#8221; _builder_version=&#8221;4.7.6&#8243; _module_preset=&#8221;default&#8221; animation_style=&#8221;fade&#8221;][\/et_pb_image][\/et_pb_column][et_pb_column type=&#8221;1_2&#8243; _builder_version=&#8221;4.7.6&#8243; _module_preset=&#8221;default&#8221;][et_pb_text _builder_version=&#8221;4.7.6&#8243; _module_preset=&#8221;default&#8221; custom_margin=&#8221;|40px|||false|false&#8221;]<\/p>\n<p><strong>Int\u00e9grer NCT c\u2019est rejoindre une soci\u00e9t\u00e9 en plein essor, adoss\u00e9e \u00e0 un groupe solide de 23 soci\u00e9t\u00e9s<\/strong><\/p>\n<h2>Nos fondements :<\/h2>\n<p>Notre entreprise \u0153uvre dans un <strong>secteur de pointe<\/strong>, dispose des moyens n\u00e9cessaires \u00e0 son <strong>d\u00e9veloppement<\/strong> et offre des <strong>qualit\u00e9s de travail<\/strong> avantageuses (notamment en termes de <strong>formation<\/strong> des employ\u00e9s)<\/p>\n<h2>Nos valeurs :<\/h2>\n<ul>\n<li>Expertise<\/li>\n<li>Qualit\u00e9 de services<\/li>\n<li>Satisfaction client<\/li>\n<li>Proximit\u00e9<\/li>\n<\/ul>\n<h2>Nos attentes :<\/h2>\n<p>Des profils motiv\u00e9s, dynamiques, ambitieux qui ont le sens des responsabilit\u00e9s et de l\u2019engagement.<\/p>\n<p>[\/et_pb_text][\/et_pb_column][\/et_pb_row][et_pb_row _builder_version=&#8221;4.7.6&#8243; _module_preset=&#8221;default&#8221;][et_pb_column type=&#8221;4_4&#8243; _builder_version=&#8221;4.7.6&#8243; _module_preset=&#8221;default&#8221;][et_pb_text admin_label=&#8221;Texte Le poste que vous convoitez n\u2019est pas \u00e0 pourvoir ? Envoyez-nous une candidature spontan\u00e9e&#8221; _builder_version=&#8221;4.7.6&#8243; _module_preset=&#8221;default&#8221;]<\/p>\n<p style=\"text-align: center\"><i>Le poste que vous convoitez n\u2019est pas \u00e0 pourvoir ? Envoyez-nous une candidature spontan\u00e9e<\/i><\/p>\n<p>[\/et_pb_text][\/et_pb_column][\/et_pb_row][et_pb_row column_structure=&#8221;1_2,1_2&#8243; _builder_version=&#8221;4.7.6&#8243; _module_preset=&#8221;default&#8221; width=&#8221;100%&#8221; max_width=&#8221;4000px&#8221; custom_margin=&#8221;|0px||0px|false|true&#8221; custom_padding=&#8221;|0px||0px|false|true&#8221;][et_pb_column type=&#8221;1_2&#8243; _builder_version=&#8221;4.7.6&#8243; _module_preset=&#8221;default&#8221;][et_pb_text admin_label=&#8221;h3 POSTES A POURVOIR&#8221; _builder_version=&#8221;4.7.6&#8243; _module_preset=&#8221;default&#8221; custom_margin=&#8221;|40px|||false|false&#8221;]<\/p>\n<h3 style=\"text-align: center\">POSTES A POURVOIR<\/h3>\n<p>[\/et_pb_text][et_pb_accordion _builder_version=&#8221;4.7.6&#8243; _module_preset=&#8221;default&#8221;][et_pb_accordion_item title=&#8221;+ CHARG\u00c9(E) D&#8217;EXPLOITATION ET DE D\u00c9VELOPPEMENT INTERNATIONAL (H\/F)&#8221; open=&#8221;on&#8221; _builder_version=&#8221;4.7.6&#8243; _module_preset=&#8221;default&#8221;]<\/p>\n<p><strong>ENVIE DE REJOINDRE UNE ENTREPRISE EN PLEINE CROISSANCE, TOURN\u00c9E VERS LE MONDE ?<\/strong><br \/>Nous recherchons un nouveau talent pour accompagner notre d\u00e9veloppement \u00e0 l\u2019international et participer \u00e0 la r\u00e9ussite de notre relation clients.<\/p>\n<p><strong>NCT : QUI SOMMES-NOUS ?<\/strong><br \/>L\u2019entreprise NCT fait partie d\u2019un groupe familial, \u00e0 taille humaine, sp\u00e9cialiste des mati\u00e8res radioactives \u00e0 vocation industrielle ou m\u00e9dicale au plan national et international.<\/p>\n<p><strong>VOS MISSIONS \u00c0 NOS C\u00d4T\u00c9S<\/strong><br \/>Travailler chez NCT c\u2019est avant tout rejoindre une entreprise qui b\u00e9n\u00e9ficie de par sa taille d\u2019une bonne coh\u00e9sion ainsi que de proximit\u00e9 dans les relations humaines et commerciales.<\/p>\n<p>Dans le cadre de notre d\u00e9veloppement, pour notre p\u00f4le international, nous sommes \u00e0 la recherche d\u2019un\/une \u00ab charg\u00e9(e) d\u2019exploitation et de d\u00e9veloppement international \u00bb.<\/p>\n<p>Sous la responsabilit\u00e9 hi\u00e9rarchique du Directeur G\u00e9n\u00e9ral et fonctionnelle du Responsable d\u2019Exploitation international, les diff\u00e9rentes missions seront :<\/p>\n<p><strong>Sur la partie op\u00e9rationnelle<\/strong><br \/>\u2013 Organisation des transports internationaux soit en interne soit via des solutions d\u2019affr\u00e9tements tout en optimisant les frais de transport selon l\u2019incoterm<br \/>\u2013 Suivi du d\u00e9roulement des op\u00e9rations<br \/>\u2013 Reporting et facturation client<br \/>\u2013 Gestion des aspects r\u00e8glementaires relatifs aux transports de marchandises dans le monde et \u00e0 l\u2019import- export<br \/>\u2013 R\u00e9alisation des formalit\u00e9s administratives de r\u00e9dactions et des documents de douanes<\/p>\n<p><strong>Sur la partie commerciale et d\u00e9veloppement<\/strong><br \/>\u2013 Accompagner NCT dans son d\u00e9veloppement international<br \/>\u2013 Identifier les nouvelles opportunit\u00e9s en \u00e9tant \u00e0 l\u2019\u00e9coute des clients actuels et futurs<br \/>\u2013 Se d\u00e9marquer de la concurrence en faisant de la qualit\u00e9 de service une priorit\u00e9 : trouver les solutions les plus ad\u00e9quates selon l\u2019urgence des dossiers<br \/>\u2013 \u00catre acteur du d\u00e9veloppement de son service.<\/p>\n<p><strong>Comp\u00e9tences requises pour le poste :<\/strong><br \/>\u2013 Parler couramment l\u2019anglais, une seconde langue sera appr\u00e9ci\u00e9e<br \/>\u2013 Organisation<br \/>\u2013 Sens de l\u2019\u00e9coute<br \/>\u2013 Dynamisme<br \/>\u2013 Autonomie et prise d\u2019initiatives<br \/>\u2013 Aptitudes \u00e0 la n\u00e9gociation<br \/>\u2013 Sens du travail en \u00e9quipe<\/p>\n<p>Poste en CDI \u2013 \u00e9volutif rapidement<br \/>Prise de poste d\u00e8s maintenant<br \/>Possibilit\u00e9 de d\u00e9placements notamment \u00e0 l\u2019\u00e9tranger<br \/>Statut : agent de maitrise<br \/>Tickets Restaurants + \u00e9pargne entreprise<\/p>\n<p>Contact : amelie.guerin@deretfd.fr<\/p>\n<p>[\/et_pb_accordion_item][et_pb_accordion_item title=&#8221;+ CONDUCTEUR (H\/F) GRAND ROUTIER CLASSE 7 RADIOACTIF&#8221; _builder_version=&#8221;4.7.6&#8243; _module_preset=&#8221;default&#8221; open=&#8221;off&#8221;]<\/p>\n<p>Dans le cadre de notre d\u00e9veloppement, nous sommes \u00e0 la recherche de conducteurs SPL avec une exp\u00e9rience dans le transport de mati\u00e8re dangereuse d\u00e9j\u00e0 valid\u00e9e. Nous recherchons id\u00e9alement des conducteurs ayant d\u00e9j\u00e0 travaill\u00e9s dans le domaine du transport nucl\u00e9aire et poss\u00e9dant d\u00e9j\u00e0 les formations n\u00e9cessaires \u00e0 ce poste (ADR de Base + Classe 7 + Citerne). Nous \u00e9tudierons tout de m\u00eame les profils de conducteurs ayant une exp\u00e9rience significative dans le transport de MD. Notre activit\u00e9 se concentre principalement sur le territoire fran\u00e7ais mais vous serez amen\u00e9s \u00e0 rouler dans toute l\u2019Europe.<\/p>\n<p>Sous la responsabilit\u00e9 du responsable d\u2019exploitation, les diff\u00e9rentes missions seront :<br \/>\u2013 Veiller au bon d\u00e9roulement des op\u00e9rations de chargement \/ d\u00e9chargement voire y participer (op\u00e9rations d\u2019arrimage \/ r\u00e9partitions de la charge etc.)<br \/>\u2013 Remplir les documents administratifs (BSD \/ DEMR \/ LV \/ Formalit\u00e9s douani\u00e8res le cas \u00e9ch\u00e9ant)<br \/>\u2013 S\u2019assurer du bon fonctionnement du v\u00e9hicule et de tout le mat\u00e9riel mis \u00e0 disposition ainsi que de sa propret\u00e9 (lavage int\u00e9rieur \/ ext\u00e9rieur)<br \/>\u2013 Signaler toute d\u00e9faillance de fonctionnement ou de conformit\u00e9 du v\u00e9hicule<br \/>\u2013 Effectuer \u00e9ventuellement du transport exceptionnel \/ grue etc\u2026<\/p>\n<p>Comp\u00e9tences requises pour le poste :<br \/>\u2013 Connaissance des r\u00e8gles de s\u00e9curit\u00e9 et respect du code de la route,<br \/>\u2013 Utilisation d\u2019un v\u00e9hicule avec un maximum d\u2019\u00e9conomie d\u2019\u00e9nergie,<br \/>\u2013 Utilisation des dispositifs \u00e9lectroniques embarqu\u00e9s : rep\u00e9rage par satellite, GPS, informatique embarqu\u00e9e\u2026<br \/>\u2013 Gestion du temps en respectant l\u2019itin\u00e9raire et l\u2019horaire,<br \/>\u2013 Application de la RSE en toutes circonstances en se conformant \u00e0 la r\u00e9glementation MD \/ transport de mati\u00e8res radioactives<\/p>\n<p>Le conducteur SPL est dot\u00e9 d\u2019une bonne capacit\u00e9 d\u2019attention et d\u2019une grande r\u00e9activit\u00e9. Autonome dans son travail, il a le sens des responsabilit\u00e9s, de l\u2019initiative et le go\u00fbt du relationnel. Enfin, il ne redoute pas d\u2019affronter des conditions de route parfois difficiles, ni de s\u2019absenter r\u00e9guli\u00e8rement, parfois loin de son domicile.<br \/>Nous recherchons un profil op\u00e9rationnel le plus rapidement possible.<\/p>\n<p>Statut : conducteur grand routier SPL 150 M \/ 200 H<br \/>Salaire + conditions de travail attractives (mat\u00e9riel tr\u00e8s r\u00e9cent notamment) + primes<br \/>PEE\/PERCO<br \/>Site de la soci\u00e9t\u00e9 : https:\/\/www.transports-nct.com\/<br \/>Contact : david.gros@nctsa.fr<br \/>Poste en CDI<\/p>\n<p>[\/et_pb_accordion_item][et_pb_accordion_item title=&#8221;+ OP\u00c9RATEUR SUR CONTENEURS (H\/F)&#8221; _builder_version=&#8221;4.7.6&#8243; _module_preset=&#8221;default&#8221; open=&#8221;off&#8221;]<\/p>\n<p>Dans le cadre de notre d\u00e9veloppement, nous sommes \u00e0 la recherche d\u2019un op\u00e9rateur sur conteneurs.<\/p>\n<p>Sous la responsabilit\u00e9 du responsable de maintenance, les diff\u00e9rentes missions seront d\u2019 :<\/p>\n<p>\u2013 Effectuer des travaux de pon\u00e7age<br \/>\u2013 Effectuer des travaux de peinture (pistolet et rouleau)<br \/>\u2013 R\u00e9aliser des travaux de maintenance divers en rapport avec notre activit\u00e9<br \/>\u2013 Effectuer des travaux de soudure (un plus)<br \/>\u2013 Effectuer des travaux de chaudronnerie (d\u00e9coupe d\u2019acier, meulage, etc.)<br \/>\u2013 Assemblage de calage, d\u2019arrimage et d\u2019outillage selon des plans<\/p>\n<p>Comp\u00e9tences requises pour le poste :<\/p>\n<ul>\n<li>Utilisation d\u2019outillage portatif et du mat\u00e9riel en toute s\u00e9curit\u00e9<\/li>\n<li>Organisation<\/li>\n<li>Travail en ext\u00e9rieur ou en atelier<\/li>\n<li>Respect des consignes<\/li>\n<\/ul>\n<p>L\u2019op\u00e9rateur sur conteneurs est capable de travailler en autonomie, d\u2019avoir un \u0153il attentif, d\u2019\u00eatre rigoureux.<\/p>\n<p>Il est manuel, s\u2019adapte \u00e0 toutes les situations.<\/p>\n<p>Des formations sont assur\u00e9es en interne.<\/p>\n<p>CDI, le poste est \u00e0 pourvoir d\u00e8s maintenant.<\/p>\n<p>Statut : Employ\u00e9<br \/>Tickets Restaurants + \u00e9pargne entreprise + Prime<br \/>Contact : amelie.guerin@deretfd.fr<\/p>\n<p>[\/et_pb_accordion_item][\/et_pb_accordion][\/et_pb_column][et_pb_column type=&#8221;1_2&#8243; _builder_version=&#8221;4.7.6&#8243; _module_preset=&#8221;default&#8221;][et_pb_text admin_label=&#8221;h3 CANDIDATURES SPONTAN\u00c9ES&#8221; _builder_version=&#8221;4.7.6&#8243; _module_preset=&#8221;default&#8221; custom_margin=&#8221;|40px|||false|false&#8221;]<\/p>\n<h3 style=\"text-align: center\">CANDIDATURES SPONTAN\u00c9ES<\/h3>\n<p>[\/et_pb_text][et_pb_text _builder_version=&#8221;4.7.6&#8243; _module_preset=&#8221;default&#8221;]<\/p>\n<p>Le c\u0153ur de m\u00e9tier de NCT est le <strong>transport de mati\u00e8res radioactives et nucl\u00e9aires<\/strong> par nos moyens propres et par des transports \u00e0 plus longue distance organis\u00e9s par voie a\u00e9rienne et maritime. Nous proposons \u00e9galement \u00e0 nos clients des <strong>prestations de maintenance et de vente de conteneurs,<\/strong> de mise \u00e0 disposition d\u2019<strong>outillages<\/strong> et <strong>arrimages<\/strong> sp\u00e9cifiques gr\u00e2ce \u00e0 notre <strong>bureau d\u2019ing\u00e9nierie<\/strong>.<br \/>Int\u00e9grer NCT c\u2019est rejoindre une entreprise \u00e0 taille humaine qui b\u00e9n\u00e9ficie d\u2019une bonne coh\u00e9sion en favorisant la proximit\u00e9 dans les relations humaines et commerciales.<\/p>\n<p>CONTACT RH : Am\u00e9lie GUERIN &gt; <a href=\"mailto:amelie.guerin@deretfd.fr\">amelie.guerin@deretfd.fr<\/a><\/p>\n<p>[\/et_pb_text][\/et_pb_column][\/et_pb_row][\/et_pb_section]<\/p>\n","protected":false},"excerpt":{"rendered":"<p>Recrutement Int\u00e9grer NCT c\u2019est rejoindre une soci\u00e9t\u00e9 en plein essor, adoss\u00e9e \u00e0 un groupe solide de 23 soci\u00e9t\u00e9s Nos fondements : Notre entreprise \u0153uvre dans un secteur de pointe, dispose des moyens n\u00e9cessaires \u00e0 son d\u00e9veloppement et offre des qualit\u00e9s de travail avantageuses (notamment en termes de formation des employ\u00e9s) Nos valeurs : Expertise Qualit\u00e9 de services Satisfaction client Proximit\u00e9 Nos attentes : Des profils motiv\u00e9s, dynamiques, ambitieux qui ont le sens des responsabilit\u00e9s et de l\u2019engagement.Le poste que vous convoitez n\u2019est pas \u00e0 pourvoir ? Envoyez-nous une candidature spontan\u00e9ePOSTES A POURVOIRENVIE DE REJOINDRE UNE ENTREPRISE EN PLEINE CROISSANCE, TOURN\u00c9E VERS LE MONDE ?Nous recherchons un nouveau talent pour accompagner notre d\u00e9veloppement \u00e0 l\u2019international et participer \u00e0 la r\u00e9ussite de notre relation clients. NCT : QUI SOMMES-NOUS ?L\u2019entreprise NCT fait partie d\u2019un groupe familial, \u00e0 taille humaine, sp\u00e9cialiste des mati\u00e8res radioactives \u00e0 vocation industrielle ou m\u00e9dicale au plan national et international. VOS MISSIONS \u00c0 NOS C\u00d4T\u00c9STravailler chez NCT c\u2019est avant tout rejoindre une entreprise qui b\u00e9n\u00e9ficie de par sa taille d\u2019une bonne coh\u00e9sion ainsi que de proximit\u00e9 dans les relations humaines et commerciales. Dans le cadre de notre d\u00e9veloppement, pour notre p\u00f4le international, nous sommes \u00e0 la recherche d\u2019un\/une \u00ab [&hellip;]<\/p>\n","protected":false},"author":1,"featured_media":0,"parent":0,"menu_order":40,"comment_status":"closed","ping_status":"closed","template":"","meta":{"_et_pb_use_builder":"on","_et_pb_old_content":"","_et_gb_content_width":"","footnotes":""},"class_list":["post-590","page","type-page","status-publish","hentry"],"_links":{"self":[{"href":"https:\/\/www.transports-em2s.com\/en\/wp-json\/wp\/v2\/pages\/590","targetHints":{"allow":["GET"]}}],"collection":[{"href":"https:\/\/www.transports-em2s.com\/en\/wp-json\/wp\/v2\/pages"}],"about":[{"href":"https:\/\/www.transports-em2s.com\/en\/wp-json\/wp\/v2\/types\/page"}],"author":[{"embeddable":true,"href":"https:\/\/www.transports-em2s.com\/en\/wp-json\/wp\/v2\/users\/1"}],"replies":[{"embeddable":true,"href":"https:\/\/www.transports-em2s.com\/en\/wp-json\/wp\/v2\/comments?post=590"}],"version-history":[{"count":0,"href":"https:\/\/www.transports-em2s.com\/en\/wp-json\/wp\/v2\/pages\/590\/revisions"}],"wp:attachment":[{"href":"https:\/\/www.transports-em2s.com\/en\/wp-json\/wp\/v2\/media?parent=590"}],"curies":[{"name":"wp","href":"https:\/\/api.w.org\/{rel}","templated":true}]}}